{"id":2,"date":"2014-08-23T13:29:26","date_gmt":"2014-08-23T11:29:26","guid":{"rendered":"http:\/\/www.langoren.nu\/?page_id=2"},"modified":"2015-02-20T18:56:19","modified_gmt":"2015-02-20T17:56:19","slug":"exempelsida","status":"publish","type":"page","link":"http:\/\/www.langoren.nu\/?page_id=2","title":{"rendered":"V\u00e4lkommen"},"content":{"rendered":"<div id=\"lipsum\">\n<p>V\u00e4lkommen till L\u00e5ng\u00f6ren, en \u00f6 bel\u00e4gen i Karlskrona \u00f6stra sk\u00e4rg\u00e5rd. P\u00e5 \u00f6n som tidigare varit lotsplats finns Lotshuset, som numera \u00e4r vandrarhem, Missionshuset, Caf\u00e9 N\u00e4taboden och ett antal privata bost\u00e4der.<\/p>\n<p>P\u00e5 \u00f6ns s\u00f6dra del, sk\u00e4ret, som \u00e4r betesmark finns ett rikt f\u00e5gelliv.<\/p>\n<\/div>\n","protected":false},"excerpt":{"rendered":"<p>V\u00e4lkommen till L\u00e5ng\u00f6ren, en \u00f6 bel\u00e4gen i Karlskrona \u00f6stra sk\u00e4rg\u00e5rd. P\u00e5 \u00f6n som tidigare varit lotsplats finns Lotshuset, som numera \u00e4r vandrarhem, Missionshuset, Caf\u00e9 N\u00e4taboden och ett antal privata bost\u00e4der. P\u00e5 \u00f6ns s\u00f6dra del, sk\u00e4ret, som \u00e4r betesmark finns ett rikt f\u00e5gelliv.<\/p>\n","protected":false},"author":2,"featured_media":0,"parent":0,"menu_order":0,"comment_status":"closed","ping_status":"closed","template":"","meta":{"footnotes":""},"class_list":["post-2","page","type-page","status-publish","hentry"],"_links":{"self":[{"href":"http:\/\/www.langoren.nu\/index.php?rest_route=\/wp\/v2\/pages\/2"}],"collection":[{"href":"http:\/\/www.langoren.nu\/index.php?rest_route=\/wp\/v2\/pages"}],"about":[{"href":"http:\/\/www.langoren.nu\/index.php?rest_route=\/wp\/v2\/types\/page"}],"author":[{"embeddable":true,"href":"http:\/\/www.langoren.nu\/index.php?rest_route=\/wp\/v2\/users\/2"}],"replies":[{"embeddable":true,"href":"http:\/\/www.langoren.nu\/index.php?rest_route=%2Fwp%2Fv2%2Fcomments&post=2"}],"version-history":[{"count":4,"href":"http:\/\/www.langoren.nu\/index.php?rest_route=\/wp\/v2\/pages\/2\/revisions"}],"predecessor-version":[{"id":31,"href":"http:\/\/www.langoren.nu\/index.php?rest_route=\/wp\/v2\/pages\/2\/revisions\/31"}],"wp:attachment":[{"href":"http:\/\/www.langoren.nu\/index.php?rest_route=%2Fwp%2Fv2%2Fmedia&parent=2"}],"curies":[{"name":"wp","href":"https:\/\/api.w.org\/{rel}","templated":true}]}}